{"id":968,"date":"2011-06-15T22:52:05","date_gmt":"2011-06-15T22:52:05","guid":{"rendered":"http:\/\/www.littlepharao.de\/?page_id=968"},"modified":"2011-08-25T12:43:18","modified_gmt":"2011-08-25T12:43:18","slug":"der-richtige-krieg","status":"publish","type":"page","link":"http:\/\/www.littlepharao.de\/?page_id=968","title":{"rendered":"Der richtige Krieg"},"content":{"rendered":"<p>Es ist Nachmittag, und die Kinder kommen von der Schule zur\u00fcck. Sie haben einen sehr langen Tag in der Schule, es geht meist bis 14.30 und manchmal l\u00e4nger. Sie kommen nat\u00fcrlich sehr m\u00fcde nach Hause, die Mutter hat das Essen vorbereitet, der Vater ist auch da, und so essen sie heute alle zusammen.<\/p>\n<p>Das \u00e4lteste der Kinder sagt: \u201ePapa warum gibt es so viele Kriege in dieser Welt, warum m\u00fcssen so viele Kinder sterben? Warum k\u00f6nnen sie nicht miteinander so sch\u00f6n spielen und das Leben genie\u00dfen?\u201c<\/p>\n<p>Der Vater ist irgendwie \u00fcberrascht von der Frage und antwortet: \u201eWo hast du das geh\u00f6rt, dass es so viele Kriege gibt?\u201c<\/p>\n<p>\u201eWir haben heute in der Schule dar\u00fcber gesprochen. Unser Lehrer hat uns aber gesagt, dass \u00c4gypten in Frieden mit allen L\u00e4ndern lebt und das bedeutet, dass wir keinen Krieg mehr erleben m\u00fcssen. Krieg gibt es aber in vielen andern L\u00e4ndern dieser Erde. Wie kann das sein, dass ein Mensch den anderen umbringt? Wie k\u00f6nnen die Menschen so b\u00f6se sein? Wir k\u00f6nnen das nicht verstehen. Was kann der Grund sein?\u201c<\/p>\n<p>Der Vater hat sich auf die gekochten Auberginen und den \u00e4gyptischen Reis mit den Rosinen und N\u00fcssen gefreut. Aber nun kann er das Essen nicht mehr richtig genie\u00dfen. Denn das ist ein sehr hei\u00dfes Thema, das der Sohn da angefangen hat.<\/p>\n<p>\u201eMein lieber Sohn die Geschichte der Menschheit war nie anders. Manchmal haben die Menschen miteinander in Frieden gelebt und das war immer die Bl\u00fctezeit unserer Geschichte. In anderen Zeiten gab es nur Kriege und die haben manchmal sehr lange gedauert. Immer als der Krieg zu Ende war, haben die Menschen gedacht, es wird jetzt keine Kriege mehr geben. Aber leider gab es dann doch wieder einen Krieg.\u201c<\/p>\n<p>\u201eWarum haben die Menschen dann nichts von der Geschichte gelernt? Warum werden immer wieder Kriege gef\u00fchrt, warum k\u00f6nnen wir nicht alle miteinander leben? Warum h\u00f6ren die Menschen nicht auf, Kriege zu f\u00fchren?\u201c<\/p>\n<p>Das Thema wird immer hei\u00dfer, und der Vater versucht immer wieder, von dem Thema weg zu kommen, er will unbedingt seine Auberginen und den Reis genie\u00dfen, der Sohn gibt aber keine Ruhe. Warum und wie und wann?<\/p>\n<p>Sie haben gegessen und die Mutter und die anderen Kinder k\u00fcmmern sich um das Abr\u00e4umen des Tisches. Der Vater sitzt mit dem Sohn nun in aller Ruhe im Wohnzimmer und sie reden weiter miteinander.<\/p>\n<p>\u201eMein lieber Sohn, wenn Gott will (in Shaa Allah) hast du vor dir ein sehr sch\u00f6nes langes Leben, mach dir nicht zu viele Gedanken \u00fcber dieses Thema. Der Mensch lernt leider nie von der Geschichte und hat nie gelernt, aber diesen Fehler m\u00fcssen wir nicht machen. Der liebe Gott hat uns den Verstand gegeben, damit wir denken k\u00f6nnen und uns von den Tieren und anderen Gesch\u00f6pfe Gottes unterscheiden.<\/p>\n<p>Deswegen ist an erster Stelle zu lernen, der Krieg bringt nichts und der Krieg kann nie heilig sein. Wer denkt, dass er einen Krieg gewonnen hat, muss nur auf die Toten und Verletzten schauen, um zu wissen, ob er wirklich siegreich war oder nicht. Lieber Sohn, du kannst niemals deinen Sieg auf Leichen anderer Menschen bauen.<\/p>\n<p>Der Krieg ist schlimm und bringt nur Unordnung in dieser Welt. Es gibt nur einen Krieg den du f\u00fchren kannst oder sogar f\u00fchren musst.\u201c<\/p>\n<p>Der Sohn schaut nun seinen Vater mit gro\u00dfen Augen an. Er ist verunsichert und versucht zu verstehen und wartet auf die Erkl\u00e4rung vom Vater.<\/p>\n<p>\u201eMein lieber Sohn, der Krieg, den du f\u00fchren musst, ist ein Krieg mit dir selbst. Du musst immer positiv von dir und von den anderen denken. Aber ab und zu kommen uns sehr dumme Gedanken in den Kopf in den verschiedenen Richtungen unseres Lebens und wir wollen das dann einfach machen. Aber hier musst du dann diesen Krieg gegen dich selbst f\u00fchren, lass dich nicht immer als Gefangener dieser dummen Gedanken fallen. Das ist der richtige Krieg, dass du versuchst, dich selbst \u00a0zu beherrschen. Wie viele Politiker und Gener\u00e4le konnten sich nicht beherrschen und haben falsche Entscheidungen getroffen und daf\u00fcr starben Tausende von Menschen. Dein Gewissen muss immer wach bleiben und es wird dich immer den richtigen Weg f\u00fchren. Du musst immer dein Gewissen erziehen, dass es dir den richtigen Weg zeigt und nicht den falschen. Der Teufel l\u00e4sst die Menschen nie alleine und versucht uns immer vom richtigen Weg abzubringen, deswegen h\u00f6re ihm nicht zu. Komm immer schnell weg von diesen Gedanken und versuch immer auf dem richtigen Weg zu bleiben.\u201c<\/p>\n<p>\u201eAber wie kann ich mein Gewissen erziehen?\u201c<\/p>\n<p>\u201eDu kannst es mit solchen Gespr\u00e4chen erziehen. In den B\u00fcchern kannst du lesen und lernen, was der liebe Gott uns gesagt hat und von uns verlangt. Einfach immer menschlich mit Anderen umzugehen. Mein lieber Sohn, die Menschen kannst du in drei Kategorien einteilen.<\/p>\n<p>Die Menschen der ersten Gruppe machen viele Fehler und Dummheiten und haben damit kein Problem, ihr Gewissen ist tot. Da sp\u00fcren sie nichts mehr, das ist nat\u00fcrlich nicht an einem Tag so weit gekommen, sondern im Laufe des Lebens und wenn man nicht darauf achtet, dann stirbt das Gewissen.<\/p>\n<p>Die Menschen der zweiten Gruppe machen Fehler aber sp\u00fcren nachher sofort, dass es ein Fehler war und versuchen zu bereuen und sich zu entschuldigen und haben sofort ein schlechtes Gewissen und versprechen, dass sie das nicht wieder machen werden. Zu dieser Gruppe geh\u00f6ren die meisten Menschen dieser Erde. Menschen machen Fehler, und das ist unsere Natur. Aber wenn wir einen Fehler machen, dann m\u00fcssen wir sofort versuchen, es zu verbessern.<\/p>\n<p>Die dritte Gruppe hat ihr Gewissen so erzogen, dass es nicht mehr so weit kommt, dass sie die anderen verletzen. Immer wenn dumme Gedanken kommen, da wirkt sofort das \u201eAntifehler System\u201c (das Gewissen) und sagt nein, das machst du nicht. Ob es wirklich solche Menschen gibt, die keine Fehler machen, kann ich dir nicht sagen. Ich selber kenne keine, aber es ist sch\u00f6n zu leben mit dem Ziel einer von denen zu werden.<\/p>\n<p>Mein lieber Sohn, ich hoffe, dass du nun etwas Neues gelernt hast und dass du versuchst, ab jetzt zu der dritten Kategorie zu geh\u00f6ren. Ich w\u00fcnsche es dir und allen Menschen dieser Welt, dass sie mindestens versuchen zu dieser Gruppe zu geh\u00f6ren. Ich w\u00fcnsche es uns allen, dass es keinen Krieg mehr auf dieser Welt geben wird und ich w\u00fcnsche es uns allen, das wir miteinander in richtigem Frieden leben k\u00f6nnen.\u201c<\/p>\n<p>\u201eDann sag mir mein Vater was ist der richtige Frieden?\u201c<\/p>\n<p>\u201eDas werde ich dir ein anderes Mal erz\u00e4hlen, nun sp\u00fcre ich die sehr guten Auberginen deiner Mutter nicht nur im Bauch sondern sogar im Kopf und muss unbedingt ins Bett gehen.\u201c<\/p>\n<p>Ziad Anwar<\/p>\n","protected":false},"excerpt":{"rendered":"<p>Es ist Nachmittag, und die Kinder kommen von der Schule zur\u00fcck. Sie haben einen sehr langen Tag in der Schule, es geht meist bis 14.30 und manchmal l\u00e4nger. Sie kommen nat\u00fcrlich sehr m\u00fcde nach Hause, die Mutter hat das Essen &hellip;<\/p>\n","protected":false},"author":2,"featured_media":0,"parent":18,"menu_order":5,"comment_status":"open","ping_status":"open","template":"lph-page.php","meta":{"ngg_post_thumbnail":0},"_links":{"self":[{"href":"http:\/\/www.littlepharao.de\/index.php?rest_route=\/wp\/v2\/pages\/968"}],"collection":[{"href":"http:\/\/www.littlepharao.de\/index.php?rest_route=\/wp\/v2\/pages"}],"about":[{"href":"http:\/\/www.littlepharao.de\/index.php?rest_route=\/wp\/v2\/types\/page"}],"author":[{"embeddable":true,"href":"http:\/\/www.littlepharao.de\/index.php?rest_route=\/wp\/v2\/users\/2"}],"replies":[{"embeddable":true,"href":"http:\/\/www.littlepharao.de\/index.php?rest_route=%2Fwp%2Fv2%2Fcomments&post=968"}],"version-history":[{"count":3,"href":"http:\/\/www.littlepharao.de\/index.php?rest_route=\/wp\/v2\/pages\/968\/revisions"}],"predecessor-version":[{"id":970,"href":"http:\/\/www.littlepharao.de\/index.php?rest_route=\/wp\/v2\/pages\/968\/revisions\/970"}],"up":[{"embeddable":true,"href":"http:\/\/www.littlepharao.de\/index.php?rest_route=\/wp\/v2\/pages\/18"}],"wp:attachment":[{"href":"http:\/\/www.littlepharao.de\/index.php?rest_route=%2Fwp%2Fv2%2Fmedia&parent=968"}],"curies":[{"name":"wp","href":"https:\/\/api.w.org\/{rel}","templated":true}]}}