{"id":27,"date":"2010-11-17T18:32:06","date_gmt":"2010-11-17T18:32:06","guid":{"rendered":"http:\/\/localhost\/wp_lph\/?page_id=27"},"modified":"2025-08-20T12:56:49","modified_gmt":"2025-08-20T11:56:49","slug":"kontakt","status":"publish","type":"page","link":"http:\/\/www.littlepharao.de\/?page_id=27","title":{"rendered":"Kontakt"},"content":{"rendered":"<p>M\u00f6chten Sie eine Buchungsanfrage stellen oder haben Sie Fragen oder Anregungen zu meiner Internetseite?<br \/>\nSchreiben Sie mir eine E-Mail an: <a href=\"http:\/\/www.littlepharao.de\/ziadanwar@littlepharao.de\">ziadanwar@littlepharao.de<\/a>, ich werde mich bem\u00fchen, Ihnen so schnell wie m\u00f6glich zu antworten.<\/p>\n<p><strong>Wichtig:<\/strong> Wenn Sie einen R\u00fcckruf w\u00fcnschen, vergessen Sie bitte nicht, Ihre Telefonnummer anzugeben.<\/p>\n<p><strong>Reisebuchung<\/strong>: M\u00f6chten Sie n\u00e4here Informationen zu einer Reise? Dann geben Sie bitte die Kenn-Nr. der Tour (z.B. <strong>\u00c4gypten &#8211; Tour 0<\/strong><strong>1<\/strong>) an. Sie finden diese Kenn-Nr. unterhalb der Reisebeschreibung im Punkt &#8222;Unser ausf\u00fchrliches Reiseprogramm&#8220; im blauen Feld.<\/p>\n","protected":false},"excerpt":{"rendered":"<p>M\u00f6chten Sie eine Buchungsanfrage stellen oder haben Sie Fragen oder Anregungen zu meiner Internetseite? Schreiben Sie mir eine E-Mail an: ziadanwar@littlepharao.de, ich werde mich bem\u00fchen, Ihnen so schnell wie m\u00f6glich zu antworten. Wichtig: Wenn Sie einen R\u00fcckruf w\u00fcnschen, vergessen Sie &hellip;<\/p>\n","protected":false},"author":1,"featured_media":0,"parent":0,"menu_order":6,"comment_status":"open","ping_status":"open","template":"lph-contact-form.php","meta":{"ngg_post_thumbnail":0},"_links":{"self":[{"href":"http:\/\/www.littlepharao.de\/index.php?rest_route=\/wp\/v2\/pages\/27"}],"collection":[{"href":"http:\/\/www.littlepharao.de\/index.php?rest_route=\/wp\/v2\/pages"}],"about":[{"href":"http:\/\/www.littlepharao.de\/index.php?rest_route=\/wp\/v2\/types\/page"}],"author":[{"embeddable":true,"href":"http:\/\/www.littlepharao.de\/index.php?rest_route=\/wp\/v2\/users\/1"}],"replies":[{"embeddable":true,"href":"http:\/\/www.littlepharao.de\/index.php?rest_route=%2Fwp%2Fv2%2Fcomments&post=27"}],"version-history":[{"count":11,"href":"http:\/\/www.littlepharao.de\/index.php?rest_route=\/wp\/v2\/pages\/27\/revisions"}],"predecessor-version":[{"id":2295,"href":"http:\/\/www.littlepharao.de\/index.php?rest_route=\/wp\/v2\/pages\/27\/revisions\/2295"}],"wp:attachment":[{"href":"http:\/\/www.littlepharao.de\/index.php?rest_route=%2Fwp%2Fv2%2Fmedia&parent=27"}],"curies":[{"name":"wp","href":"https:\/\/api.w.org\/{rel}","templated":true}]}}