{"id":2183,"date":"2021-10-08T19:07:05","date_gmt":"2021-10-08T18:07:05","guid":{"rendered":"http:\/\/www.littlepharao.de\/?page_id=2183"},"modified":"2025-12-17T08:57:16","modified_gmt":"2025-12-17T07:57:16","slug":"little-pharao-reisen-georgien-aserbaidschan-august-september-2022","status":"publish","type":"page","link":"http:\/\/www.littlepharao.de\/?page_id=2183","title":{"rendered":"Little Pharao Reise nach Georgien und Aserbaidschan 2026"},"content":{"rendered":"<p>Zu jeder Zeit ab 4 Personen.<\/p>\n<p><strong>Termin 2026:<\/strong><\/p>\n<p>20.-30.08.2026<\/p>\n<p><iframe loading=\"lazy\" title=\"Little Pharao Reise nach Georgien Aserbaidschan\" width=\"640\" height=\"360\" src=\"https:\/\/www.youtube.com\/embed\/SgT96IjLbm0?feature=oembed\" frameborder=\"0\" allow=\"accelerometer; autoplay; clipboard-write; encrypted-media; gyroscope; picture-in-picture; web-share\" referrerpolicy=\"strict-origin-when-cross-origin\" allowfullscreen><\/iframe><\/p>\n<p><strong>Reise durch Georgien und Aserbaidschan<\/strong><\/p>\n<p><strong>mit Ziad Anwar<\/strong><\/p>\n<p>Christentum und Islam im Kaukasus Gebirge<\/p>\n<ol>\n<li><em><strong>Tag:<\/strong><\/em> Ankunft in Baku, Transfer zum Hotel und Ausruhen. (Check-in nach 14:30 Uhr), Abendessen und \u00dcbernachtung in Baku. (-\/-\/A)<\/li>\n<li><em><strong>Tag: <\/strong><\/em>Heute starten wir den Tag mit einem leckeren Fr\u00fchst\u00fcck im Hotel. Dann genie\u00dfen wir die Panoramaaussicht auf die Stadt vom Upland-Park, wo wir die ber\u00fchmten Flame-Towers und die Bucht von Baku bestaunen k\u00f6nnen. Danach unternehmen wir einen ausf\u00fchrlichen Rundgang durch die Altstadt, die zum UNESCO-Weltkulturerbe geh\u00f6rt. Wir besuchen dann den Jungfrauenturm aus dem 12. Jahrhundert, den Palast der Schirwanschahs aus dem 15. Jahrhundert, die \u00e4lteste Moschee von Baku \u201eSinig Gala\u201c (auch Muhammad-Moschee genannt) sowie mittelalterliche Karawansereien, Hamams, den Marktplatz, Teppichgesch\u00e4fte, Kunststudios und Souvenirst\u00e4nde. Nach der Mittagspause lernen wir die Architektur der Stadt aus dem 19. und 20. Jahrhundert kennen und spazieren \u00fcber die bekannte Nizami-Stra\u00dfe bis zum Springbrunnenplatz. Am Nachmittag l\u00e4dt die Strandpromenade zu einem gem\u00fctlichen Spaziergang ein, ebenso wie der romantische Little-Venice-Park. Der Rest des Tages steht zur freien Verf\u00fcgung, bevor wir den Abend entspannt ausklingen lassen. \u00dcbernachtung in Baku. (F\/-\/A)&nbsp;&nbsp;&nbsp;<\/li>\n<li><em><strong>Tag:<\/strong><\/em> Nach dem Fr\u00fchst\u00fcck im Hotel geht es auf einen Ausflug zur Halbinsel Absheron. Dort bewundern wir den ber\u00fchmten brennenden Berg Yanardag, an dem seit der Antike nat\u00fcrliches Gas ununterbrochen aus der Erde tritt und eine ewige Flamme n\u00e4hrt, die einst Feueranbeter aus aller Welt anzog. Im Anschluss erkunden wir den mystischen Feuertempel Ateschgah, der im 18. Jahrhundert von hinduistischen Pilgern erbaut wurde und bis ins 19. Jahrhundert ein wichtiger Pilgerort des Feuerkults war. Nach der Mittagspause wartet ein architektonisches Highlight: der Besuch des nach H. Aliyev benannten Kulturzentrums. Dieses Meisterwerk der Stararchitektin Zaha Hadid gilt heute als eines der ber\u00fchmtesten Bauwerke weltweit und pr\u00e4gt als modernes Wahrzeichen die Skyline von Baku. Zum Abschluss des Tages schlendern wir \u00fcber den Yashil Bazar, den \u201eGr\u00fcnen Markt\u201c. Hier lassen sich k\u00f6stliche Fr\u00fcchte, Beeren, Gew\u00fcrze, frisch gebackenes Brot, Honig, K\u00e4se und typische S\u00fc\u00dfigkeiten entdecken. Danach klingt der Tag entspannt aus, bevor wir zur \u00dcbernachtung ins Hotel in Baku zur\u00fcckkehren. (F\/-\/A)<\/li>\n<li><em style=\"font-size: revert; color: initial;\"><strong>Tag:<\/strong><\/em> Wir unternehmen nach dem Fr\u00fchst\u00fcck im Hotel einen Ausflug zu den faszinierenden Schlammvulkanen, die rund 70 km von Baku entfernt liegen. Dieses Naturwunder ist einzigartig: Fast die H\u00e4lfte aller Schlammvulkane der Welt befindet sich in Aserbaidschan. Im Anschluss fahren wir weiter zum Gobustan-Reservat, das zum UNESCO-Weltkulturerbe geh\u00f6rt. Hier erwartet uns ein arch\u00e4ologisches Freilichtmuseum mit mehr als 4000 Petroglyphen \u2013 uralten Felszeichnungen aus der Jungsteinzeit. Sie zeigen Szenen vom Reisen in Schilfbooten, von der Jagd auf Antilopen und Wildstiere sowie von rituellen T\u00e4nzen und geben uns einen eindrucksvollen Einblick in das Leben der fr\u00fchen Bev\u00f6lkerung. Nach einer Mittagspause geht es weiter in Richtung Sheki. Unterwegs legen wir einen kurzen Stopp in Shamakhi ein, um die historische Juma-Moschee zu besichtigen \u2013 eine der \u00e4ltesten Moscheen im gesamten Kaukasus. Am Abend erreichen wir Sheki. Nach dem Transfer ins Hotel erwartet uns dort ein gemeinsames Abendessen im Hotelrestaurant. \u00dcbernachtung in Sheki. (F\/-\/A)<\/li>\n<li><strong><em style=\"font-size: revert; color: initial;\"><em style=\"font-size: revert; color: initial;\">Tag:<\/em><\/em><\/strong> Nach dem Fr\u00fchst\u00fcck im Hotel fahren wir in das nahegelegene Dorf Kish, wo wir den antiken Tempel aus dem 5. Jahrhundert besichtigen, der auch als \u201eMutter der Kirchen\u201c bekannt ist. Danach erkunden wir die Sehensw\u00fcrdigkeiten von Sheki: die historische Festung, den prachtvollen Sheki-Khan-Palast aus dem 18. Jahrhundert sowie die alte Karawanserei. Beim Bummel \u00fcber die Handwerkerm\u00e4rkte begegnen wir traditionellem Kunsthandwerk \u2013 von farbenpr\u00e4chtigem Buntglas (Shebeke) \u00fcber Seiden- und Stickereiwaren bis hin zu T\u00f6pferkunst, S\u00fc\u00dfigkeiten, H\u00fcten und vielen weiteren Souvenirs. Am Abend lassen wir den Tag gem\u00fctlich ausklingen. \u00dcbernachtung in Sheki. (F\/-\/A)&nbsp;<\/li>\n<li><em style=\"font-size: revert; color: initial;\"><strong>Tag:<\/strong><\/em><span style=\"font-size: revert; color: initial;\"><span style=\"font-size: revert; color: initial;\">&nbsp;Unser Tag heute ist voller Abenteuer. Nach dem Fr\u00fchst\u00fcck <\/span><\/span>erfolgt der Transfer zur Grenze zwischen Aserbaidschan und Georgien. Nach dem Treffen an der Grenze wechseln wir das Transportmittel und setzen unsere Reise in Georgien fort. Unser erstes Ziel ist der Gremi-Komplex aus dem 16. Jahrhundert in Kvareli, ein bedeutendes historisches Bauwerk inmitten der malerischen Landschaft Kachetiens. Anschlie\u00dfend besuchen wir ein traditionelles Weingut, wo wir die Gelegenheit haben, die ber\u00fchmten georgischen Weine bei einer Verkostung kennenzulernen. Zum Abschluss des Tages genie\u00dfen wir ein gemeinsames Abendessen und \u00fcbernachten im Hotel in Kakheti. (F\/-\/A)<\/li>\n<li><em style=\"font-size: revert; color: initial;\"><strong>Tag:<\/strong><\/em><span style=\"font-size: revert; color: initial;\"><span style=\"font-size: revert; color: initial;\">&nbsp;<\/span><\/span>Heute beginnen wir den Tag mit einem Fr\u00fchst\u00fcck im Hotel. Danach besuchen wir die eindrucksvolle Alaverdi-Kathedrale aus dem 11. Jahrhundert, eine der bedeutendsten Kirchen Georgiens. Anschlie\u00dfend fahren wir weiter in die Festungsstadt Sighnaghi, deren malerische Altstadt wir bei einem Rundgang kennenlernen. Dort besichtigen wir auch das Bodbe-Kloster aus dem 9. Jahrhundert, das als bedeutender Wallfahrtsort gilt. Im Laufe des Tages setzen wir unsere Fahrt nach Tiflis fort. Am Abend erwartet uns dort ein sch\u00f6nes, gemeinsames Abendessen, bevor wir im Hotel in Tiflis \u00fcbernachten. (F\/-\/A)<\/li>\n<li><em style=\"font-size: revert; color: initial;\"><strong>Tag:&nbsp;<\/strong><\/em>Heute starten wir mit einem Fr\u00fchst\u00fcck im Hotel, bevor wir die Hauptstadt Georgiens n\u00e4her kennenlernen. Zun\u00e4chst besuchen wir die imposante Heilige Dreifaltigkeitskathedrale. Danach f\u00fchrt uns der Weg in den B\u00e4derbezirk, von wo aus wir mit der Seilbahn hinauf zur Narikala-Zitadelle fahren. Auf der anderen Seite besichtigen wir die Metekhi-Kirche aus dem 13. Jahrhundert. Im Anschluss bummeln wir durch die lebendige Shardeni-Stra\u00dfe und \u00fcberqueren die moderne Friedensbr\u00fccke. <span style=\"font-size: revert; color: initial;\">Am Nachmittag spazieren wir entlang der ber\u00fchmten Rustaweli-Allee, der Hauptstra\u00dfe Tiflis\u2019. Wir sehen den Freiheitsplatz, besuchen das Georgische Nationalmuseum und genie\u00dfen den Ausblick vom Berg Mtatsminda. <\/span><span style=\"font-size: revert; color: initial;\">Am Abend kehren wir ins Hotel zur\u00fcck. \u00dcbernachtung in Tiflis. (F\/-\/A)<\/span><\/li>\n<li><em style=\"font-size: revert; color: initial;\"><strong>Tag:<\/strong><\/em><span style=\"font-size: revert; color: initial;\"><span style=\"font-size: revert; color: initial;\">&nbsp;W<\/span><\/span>ir begeben uns heute nach dem Fr\u00fchst\u00fcck im Hotel auf eine eindrucksvolle Fahrt entlang der georgischen Milit\u00e4rstra\u00dfe in den Kaukasus. Unterwegs besichtigen wir die Ananuri-Festung und genie\u00dfen die landschaftliche Sch\u00f6nheit des Alpen-Skigebiets Gudauri. Nach der \u00dcberquerung des Kreuzpasses erreichen wir Stepantsminda. Von dort steigen wir in 4&#215;4-Jeeps um, die uns hinauf zur Gergeti-Dreifaltigkeitskirche bringen \u2013 spektakul\u00e4r auf 2.170 Metern H\u00f6he gelegen, mit atemberaubendem Blick auf den Kasbek. Am Abend fahren wir zur\u00fcck nach Tiflis. Unterwegs halten wir in einem georgischen Restaurant, wo wir gemeinsam zu Abend essen. Danach R\u00fcckkehr ins Hotel und \u00dcbernachtung in Tiflis. (F\/-\/A)<\/li>\n<li><em style=\"font-size: revert; color: initial;\"><em style=\"font-size: revert; color: initial;\"><strong>Tag: <\/strong><\/em><\/em>Nach einem entspannten Fr\u00fchst\u00fcck im Hotel fahren nach Mzcheta, der einstigen Hauptstadt Georgiens vor der Gr\u00fcndung von Tiflis. <span style=\"font-size: revert; color: initial;\">Dort besuchen wir das Jvari-Kloster aus dem 6. Jahrhundert sowie die imposante Svetitskhoveli-Kathedrale aus dem 11. Jahrhundert, die beide zum UNESCO-Weltkulturerbe z\u00e4hlen. <\/span><span style=\"font-size: revert; color: initial;\">Danach setzen wir unsere Reise nach Gori fort, wo wir das Stalin-Museum besichtigen. Ein weiterer H\u00f6hepunkt ist Uplistsikhe, eine der \u00e4ltesten St\u00e4dte Georgiens, die durch ihre in Felsen gehauenen H\u00f6hlen beeindruckt. <\/span><span style=\"font-size: revert; color: initial;\"><span style=\"font-size: revert; color: initial;\">Am Abend kehren wir nach Tiflis zur\u00fcck und genie\u00dfen ein gemeinsames Abendessen in einem lokalen Restaurant. <\/span><\/span>(F\/-\/A)<\/li>\n<li><em style=\"font-size: revert; color: initial;\"><strong>Tag:&nbsp;<\/strong><\/em>Transfer zum Flughafen und R\u00fcckflug.<\/li>\n<\/ol>\n<p><strong style=\"font-size: revert; color: initial;\">Termin:<\/strong><\/p>\n<p>20.- 30.08.2026<\/p>\n<div data-canvas-width=\"581.952\">Und Sie k\u00f6nnen sich auch f\u00fcr individuelle Termine<\/div>\n<div data-canvas-width=\"66.22933333333333\">melden.<\/div>\n<hr>\n<p>Haben Sie Interesse an der Reise, Fragen oder besondere W\u00fcnsche? Dann freuen wir uns jederzeit \u00fcber Ihre Nachricht \u2013 per E-Mail an:<\/p>\n<p><span style=\"color: #3366ff;\"><strong>ziadanwar@web.de<\/strong><\/span><\/p>\n<p>oder per WhatsApp unter:<\/p>\n<p><span style=\"color: #3366ff;\"><strong>00201222166209<\/strong><\/span><\/p>\n<p>oder telefonisch unter:<\/p>\n<p><strong><span style=\"color: #3366ff;\">(0049)<\/span>&nbsp;<span style=\"color: #3366ff;\">7141 863428<\/span><\/strong><\/p>\n<p>Wir garantieren Ihnen eine zuverl\u00e4ssige Organisation, begleiten Sie mit Rat und Tat und w\u00fcnschen Ihnen schon jetzt viel Freude auf&nbsp;Ihrer&nbsp;Reise!&nbsp;<\/p>\n","protected":false},"excerpt":{"rendered":"<p>Zu jeder Zeit ab 4 Personen. Termin 2026: 20.-30.08.2026 Reise durch Georgien und Aserbaidschan mit Ziad Anwar Christentum und Islam im Kaukasus Gebirge Tag: Ankunft in Baku, Transfer zum Hotel und Ausruhen. (Check-in nach 14:30 Uhr), Abendessen und \u00dcbernachtung in &hellip;<\/p>\n","protected":false},"author":2,"featured_media":0,"parent":25,"menu_order":6,"comment_status":"closed","ping_status":"closed","template":"lph-page.php","meta":{"ngg_post_thumbnail":0},"_links":{"self":[{"href":"http:\/\/www.littlepharao.de\/index.php?rest_route=\/wp\/v2\/pages\/2183"}],"collection":[{"href":"http:\/\/www.littlepharao.de\/index.php?rest_route=\/wp\/v2\/pages"}],"about":[{"href":"http:\/\/www.littlepharao.de\/index.php?rest_route=\/wp\/v2\/types\/page"}],"author":[{"embeddable":true,"href":"http:\/\/www.littlepharao.de\/index.php?rest_route=\/wp\/v2\/users\/2"}],"replies":[{"embeddable":true,"href":"http:\/\/www.littlepharao.de\/index.php?rest_route=%2Fwp%2Fv2%2Fcomments&post=2183"}],"version-history":[{"count":11,"href":"http:\/\/www.littlepharao.de\/index.php?rest_route=\/wp\/v2\/pages\/2183\/revisions"}],"predecessor-version":[{"id":2540,"href":"http:\/\/www.littlepharao.de\/index.php?rest_route=\/wp\/v2\/pages\/2183\/revisions\/2540"}],"up":[{"embeddable":true,"href":"http:\/\/www.littlepharao.de\/index.php?rest_route=\/wp\/v2\/pages\/25"}],"wp:attachment":[{"href":"http:\/\/www.littlepharao.de\/index.php?rest_route=%2Fwp%2Fv2%2Fmedia&parent=2183"}],"curies":[{"name":"wp","href":"https:\/\/api.w.org\/{rel}","templated":true}]}}