{"id":177,"date":"2010-12-02T18:27:41","date_gmt":"2010-12-02T18:27:41","guid":{"rendered":"http:\/\/localhost\/wp_lph\/?page_id=177"},"modified":"2011-06-01T13:23:33","modified_gmt":"2011-06-01T13:23:33","slug":"informationen-zum-reiseziel-agypten","status":"publish","type":"page","link":"http:\/\/www.littlepharao.de\/?page_id=177","title":{"rendered":"Informationen zu \u201c\u00c4gypten\u201d"},"content":{"rendered":"<blockquote><p>\u00c4gypten ist das Land der Pyramiden, jahrtausendalter Kultursch\u00e4tze und eine der faszinierendsten Hochkulturen der Geschichte. Aber nicht nur. \u00c4gypten hat zahlreiche, verschiedene Gesichter die es zu entdecken gilt.<\/p>\n<p>Wir versuchen mit unseren Reisen immer auf kreative Art die unterschiedlichsten Dinge miteinander zu verbinden, dabei stehen auch Begegnungen mit den Menschen im Mittelpunkt. Das Kennenlernen ihrer Traditionen, ihrer Kultur und ihres allt\u00e4glichem Leben ist ein zentraler Bestandteil unserer gemeinsamen Reisen. Um Ihnen schon einen kleinen Vorgeschmack zu geben, finden sie hier einige allgemeine Informationen \u00fcber das heutige \u00c4gypten.<\/p>\n<p>Die Landesw\u00e4hrung ist der \u00e4gyptische Pfund (L.E). Zum Stand 30. Mai 2011 liegt 1 \u20ac bei 8.5 L.E. Sie k\u00f6nnen ganz einfach am Flughafen, in Ihrem Hotel oder einer Wechselstube Geld umtauschen. F\u00fcr unsere Schweizer G\u00e4ste: zum Stand 30. Mai 2011 liegt 1 CHF bei 6.99 L.E.<\/p>\n<p>\u00c4gypten ist mit rund 82 Millionen Einwohnern das bev\u00f6lkerungsreichste Land der arabischen Region. Das Durchschnittalter der \u00c4gypter liegt bei 24,7 Jahren und ca. 43 Prozent der Bev\u00f6lkerung lebt in gro\u00dfen St\u00e4dten. Es gab in \u00c4gypten lang keine offizielle Volksz\u00e4hlung mehr, jedoch sagen die offiziellen und bekannten Zahlen, dass etwa 90 Prozent der \u00c4gypter sunnitische Muslime und 10 Prozent Christen sind. Etwa 9 Prozent sind Koptische Christen und der Rest verteilt sich auf Katholiken, Protestanten, Armenische Christen und vieles mehr. Als Amtssprache \u00a0wird Arabisch gesprochen, jedoch sind Englisch- und Franz\u00f6sischkenntnisse weit verbreitet und Sie k\u00f6nnen sich mit diesen beiden Sprachen auch gut verst\u00e4ndigen.<\/p>\n<p>In \u00c4gypten f\u00e4llt der Winter sehr milde aus und die Temperaturen fallen nur vereinzelt unter 10-13 Grad. Die Sommermonate Juni-September sind trocken hei\u00df und die Temperatur \u00fcbersteigt in diesen Monaten fast t\u00e4glich die 30 Grad Grenze.<\/p>\n<p>Es ist \u00fcblich Trinkgelder zu geben, da die L\u00f6hne oft niedrig sind und die Menschen zum Gro\u00dfteil von den extra Trinkgeldern leben. Auf jeden Fall wird Sie Ihr Reiseleiter aber dar\u00fcber aufkl\u00e4ren, wie viel und wo es \u00fcblich ist Trinkgelder zu geben.<\/p>\n<p>F\u00fcr unsere Ausfl\u00fcge in Moscheen und Kirchen empfehlen wir Ihnen etwas bedecktere Kleidung zu w\u00e4hlen und eventuell ein Paar Socken mitnehmen, da in Moscheen die Schuhe ausgezogen werden m\u00fcssen. F\u00fcr Frauen empfiehlt es sich ein Tuch mitzunehmen. Bei den Gottesdiensten in Kirchen sitzen Frauen und M\u00e4nner getrennt voneinander und gelangen auch \u00f6fters \u00fcber getrennte Eing\u00e4nge in die Kirche.<\/p>\n<p>Seit der Revolution, die am 25. Januar 2011 begann, gibt es keine Sommerzeit in \u00c4gypten mehr. Das bedeutet f\u00fcr Sie, es gibt keinen Zeitunterschied und Sie brauchen sich nicht umzugew\u00f6hnen. Die \u00d6ffnungszeiten der meisten touristischen Sehensw\u00fcrdigkeiten sind von 8-16 Uhr in den Sommermonaten und 9-17 Uhr in den Wintermonaten. Ihr Reiseleiter wird Sie dar\u00fcber nat\u00fcrlich genauestens vor Ort informieren.<\/p><\/blockquote>\n","protected":false},"excerpt":{"rendered":"<p>\u00c4gypten ist das Land der Pyramiden, jahrtausendalter Kultursch\u00e4tze und eine der faszinierendsten Hochkulturen der Geschichte. Aber nicht nur. \u00c4gypten hat zahlreiche, verschiedene Gesichter die es zu entdecken gilt. Wir versuchen mit unseren Reisen immer auf kreative Art die unterschiedlichsten Dinge &hellip;<\/p>\n","protected":false},"author":1,"featured_media":0,"parent":34,"menu_order":1,"comment_status":"open","ping_status":"closed","template":"lph-reiseziel-info.php","meta":{"ngg_post_thumbnail":0},"_links":{"self":[{"href":"http:\/\/www.littlepharao.de\/index.php?rest_route=\/wp\/v2\/pages\/177"}],"collection":[{"href":"http:\/\/www.littlepharao.de\/index.php?rest_route=\/wp\/v2\/pages"}],"about":[{"href":"http:\/\/www.littlepharao.de\/index.php?rest_route=\/wp\/v2\/types\/page"}],"author":[{"embeddable":true,"href":"http:\/\/www.littlepharao.de\/index.php?rest_route=\/wp\/v2\/users\/1"}],"replies":[{"embeddable":true,"href":"http:\/\/www.littlepharao.de\/index.php?rest_route=%2Fwp%2Fv2%2Fcomments&post=177"}],"version-history":[{"count":18,"href":"http:\/\/www.littlepharao.de\/index.php?rest_route=\/wp\/v2\/pages\/177\/revisions"}],"predecessor-version":[{"id":215,"href":"http:\/\/www.littlepharao.de\/index.php?rest_route=\/wp\/v2\/pages\/177\/revisions\/215"}],"up":[{"embeddable":true,"href":"http:\/\/www.littlepharao.de\/index.php?rest_route=\/wp\/v2\/pages\/34"}],"wp:attachment":[{"href":"http:\/\/www.littlepharao.de\/index.php?rest_route=%2Fwp%2Fv2%2Fmedia&parent=177"}],"curies":[{"name":"wp","href":"https:\/\/api.w.org\/{rel}","templated":true}]}}